{"id":48,"date":"2026-05-10T03:49:02","date_gmt":"2026-05-10T03:49:02","guid":{"rendered":"https:\/\/store.deltabox.cl\/?page_id=48"},"modified":"2026-05-10T04:08:50","modified_gmt":"2026-05-10T04:08:50","slug":"home","status":"publish","type":"page","link":"https:\/\/store.deltabox.cl\/","title":{"rendered":"Home"},"content":{"rendered":"\t\t<div data-elementor-type=\"wp-page\" data-elementor-id=\"48\" class=\"elementor elementor-48\">\n\t\t\t\t<div class=\"elementor-element elementor-element-7a2a3852 e-con-full e-flex e-con e-parent\" data-id=\"7a2a3852\" data-element_type=\"container\" data-e-type=\"container\">\n\t\t\t\t<div class=\"elementor-element elementor-element-954c562 elementor-widget elementor-widget-flex-hero\" data-id=\"954c562\" data-element_type=\"widget\" data-e-type=\"widget\" data-settings=\"{&quot;layout_image_position&quot;:&quot;start&quot;,&quot;primary_button_shape&quot;:&quot;round&quot;,&quot;layout_image_position_tablet&quot;:&quot;end&quot;,&quot;layout_preset&quot;:&quot;showcase&quot;,&quot;layout_column_structure&quot;:&quot;50-50&quot;,&quot;image_shape&quot;:&quot;sharp&quot;,&quot;box_shape&quot;:&quot;sharp&quot;}\" data-widget_type=\"flex-hero.default\">\n\t\t\t\t<div class=\"elementor-widget-container\">\n\t\t\t\t\t\t\t<div class=\"has-shape-sharp shape-type-box has-column-structure-50-50  ehp-flex-hero has-layout-preset-showcase has-image-stretch has-image-position-start has-image-position-md-end\">\n\t\t\t\t\t\t<div class=\"ehp-flex-hero__overlay\"><\/div>\n\t\t\t<div class=\"ehp-flex-hero__content-container\">\n\t\t\t\t<h2 class=\"ehp-flex-hero__heading\">Routers 5G que conectan tu hogar y oficina.<\/h2><h3 class=\"ehp-flex-hero__subheading\">En Deltabox importamos routers 5G y equipos de telecomunicaciones de marcas l\u00edderes como ZTE y Nokia. Conectividad de fibra-equivalente, sin instalaci\u00f3n, lista para tu hogar o trabajo.<\/h3>\t\t\t<div class=\"ehp-flex-hero__ctas-container\">\n\t\t\t\t\t\t<a class=\"has-shape-round shape-type-button ehp-button ehp-button--primary ehp-flex-hero__button ehp-flex-hero__button--primary is-type-button has-border\" href=\"#\">\n\t\t\t\t\t<span class=\"ehp-button__text ehp-flex-hero__button-text ehp-flex-hero__button-text--primary\">\n\t\t\tShop Now\t\t\t\t<\/a>\n\t\t\t\t\t\t\t\t\t<\/div>\n\t\t\t\t\t<\/div>\n\t\t\t\t<div class=\"ehp-flex-hero__image-wrapper\">\n\t\t\t\t\t<div class=\"ehp-image ehp-flex-hero__image-container\">\n\t\t\t\t<img decoding=\"async\" class=\"ehp-image__img ehp-flex-hero__img has-shape-sharp shape-type-image\" src=\"https:\/\/store.deltabox.cl\/wp-content\/uploads\/2026\/05\/230728_fm5g-gateway-2_front_1080x1080_white-v2.png.webp.avif\" title=\"230728_fm5g-gateway-2_front_1080x1080_white-v2.png.webp\" alt=\"230728_fm5g-gateway-2_front_1080x1080_white-v2.png.webp\" loading=\"lazy\" \/>\t\t\t<\/div>\n\t\t\t\t\t<\/div>\n\t\t\t\t<\/div>\n\t\t\t\t\t\t<\/div>\n\t\t\t\t<\/div>\n\t\t\t\t<\/div>\n\t\t<div class=\"elementor-element elementor-element-26b5ad39 e-flex e-con-boxed e-con e-parent\" data-id=\"26b5ad39\" data-element_type=\"container\" data-e-type=\"container\" data-settings=\"{&quot;background_background&quot;:&quot;classic&quot;}\">\n\t\t\t\t\t<div class=\"e-con-inner\">\n\t\t\t\t<div class=\"elementor-element elementor-element-6738bcf2 elementor-widget elementor-widget-heading\" data-id=\"6738bcf2\" data-element_type=\"widget\" data-e-type=\"widget\" data-widget_type=\"heading.default\">\n\t\t\t\t\t<h2 class=\"elementor-heading-title elementor-size-default\">Importaci\u00f3n seria, soporte real.<\/h2>\t\t\t\t<\/div>\n\t\t<div class=\"elementor-element elementor-element-4ea9adef e-con-full e-flex e-con e-child\" data-id=\"4ea9adef\" data-element_type=\"container\" data-e-type=\"container\">\n\t\t\t\t<div class=\"elementor-element elementor-element-7ac07730 elementor-widget__width-initial elementor-widget elementor-widget-zigzag\" data-id=\"7ac07730\" data-element_type=\"widget\" data-e-type=\"widget\" data-widget_type=\"zigzag.default\">\n\t\t\t\t<div class=\"elementor-widget-container\">\n\t\t\t\t\t\t\t<div class=\"ehp-zigzag has-direction-end\">\n\t\t\t\t\t\t\t<div class=\"ehp-zigzag__item-wrapper\">\n\t\t\t\t\t<div class=\"ehp-zigzag__item-container\">\n\t\t\t\t\t\t\t\t<div class=\"ehp-zigzag__graphic-element-container has-icon\">\n\t\t\t\t\t<\/div>\n\t\t\t\t<div class=\"ehp-zigzag__text-container is-graphic-icon\">\n\t\t\t<h2 class=\"ehp-zigzag__title\">Importaci\u00f3n directa<\/h2><p class=\"ehp-zigzag__description\">Trato directo con fabricantes en Asia y EE.UU.<\/p>\t\t<\/div>\n\t\t\t\t\t\t\t<\/div>\n\t\t\t\t<\/div>\n\t\t\t\t\t\t\t\t<div class=\"ehp-zigzag__item-wrapper\">\n\t\t\t\t\t<div class=\"ehp-zigzag__item-container\">\n\t\t\t\t\t\t\t\t<div class=\"ehp-zigzag__graphic-element-container has-icon\">\n\t\t\t\t\t<\/div>\n\t\t\t\t<div class=\"ehp-zigzag__text-container is-graphic-icon\">\n\t\t\t<h2 class=\"ehp-zigzag__title\">Garant\u00eda y RMA<\/h2><p class=\"ehp-zigzag__description\">Procesos formales de garant\u00eda, factura electr\u00f3nica y reposici\u00f3n ante fallas dentro de Chile.<\/p>\t\t<\/div>\n\t\t\t\t\t\t\t<\/div>\n\t\t\t\t<\/div>\n\t\t\t\t\t\t\t<\/div>\n\t\t\t\t\t\t<\/div>\n\t\t\t\t<\/div>\n\t\t\t\t<div class=\"elementor-element elementor-element-1b356741 elementor-widget__width-initial elementor-widget elementor-widget-zigzag\" data-id=\"1b356741\" data-element_type=\"widget\" data-e-type=\"widget\" data-widget_type=\"zigzag.default\">\n\t\t\t\t<div class=\"elementor-widget-container\">\n\t\t\t\t\t\t\t<div class=\"ehp-zigzag has-direction-end\">\n\t\t\t\t\t\t\t<div class=\"ehp-zigzag__item-wrapper\">\n\t\t\t\t\t<div class=\"ehp-zigzag__item-container\">\n\t\t\t\t\t\t\t\t<div class=\"ehp-zigzag__graphic-element-container has-icon\">\n\t\t\t\t\t<\/div>\n\t\t\t\t<div class=\"ehp-zigzag__text-container is-graphic-icon\">\n\t\t\t<h2 class=\"ehp-zigzag__title\">Stock disponible<\/h2><p class=\"ehp-zigzag__description\">Inventario en bodega Santiago listo para despacho inmediato a regiones e ISPs.<\/p>\t\t<\/div>\n\t\t\t\t\t\t\t<\/div>\n\t\t\t\t<\/div>\n\t\t\t\t\t\t\t\t<div class=\"ehp-zigzag__item-wrapper\">\n\t\t\t\t\t<div class=\"ehp-zigzag__item-container\">\n\t\t\t\t\t\t\t\t<div class=\"ehp-zigzag__graphic-element-container has-icon\">\n\t\t\t\t\t<\/div>\n\t\t\t\t<div class=\"ehp-zigzag__text-container is-graphic-icon\">\n\t\t\t<h2 class=\"ehp-zigzag__title\">Despacho a todo Chile<\/h2><p class=\"ehp-zigzag__description\">Log\u00edstica desde Arica a Punta Arenas, con tracking y tiempos de entrega comprometidos.<\/p>\t\t<\/div>\n\t\t\t\t\t\t\t<\/div>\n\t\t\t\t<\/div>\n\t\t\t\t\t\t\t<\/div>\n\t\t\t\t\t\t<\/div>\n\t\t\t\t<\/div>\n\t\t\t\t<\/div>\n\t\t\t\t\t<\/div>\n\t\t\t\t<\/div>\n\t\t<div class=\"elementor-element elementor-element-2eb9c2a1 e-flex e-con-boxed e-con e-parent\" data-id=\"2eb9c2a1\" data-element_type=\"container\" data-e-type=\"container\">\n\t\t\t\t\t<div class=\"e-con-inner\">\n\t\t<div class=\"elementor-element elementor-element-35f6a94a e-con-full e-flex e-con e-child\" data-id=\"35f6a94a\" data-element_type=\"container\" data-e-type=\"container\">\n\t\t\t\t<div class=\"elementor-element elementor-element-8da49ef elementor-widget elementor-widget-cta\" data-id=\"8da49ef\" data-element_type=\"widget\" data-e-type=\"widget\" data-settings=\"{&quot;layout_preset&quot;:&quot;streamline&quot;,&quot;content_alignment&quot;:&quot;start&quot;,&quot;content_alignment_tablet&quot;:&quot;start&quot;,&quot;content_alignment_mobile&quot;:&quot;start&quot;,&quot;primary_button_shape&quot;:&quot;round&quot;,&quot;cta_width&quot;:&quot;default&quot;,&quot;cta_position&quot;:&quot;default&quot;,&quot;box_shape&quot;:&quot;sharp&quot;}\" data-widget_type=\"cta.default\">\n\t\t\t\t<div class=\"elementor-widget-container\">\n\t\t\t\t\t\t\t<div class=\"has-shape-sharp shape-type-box ehp-cta has-preset-streamline\">\n\t\t\t<div class=\"ehp-cta__overlay\"><\/div>\n\t\t\t<div class=\"ehp-cta__elements-container\">\n\t\t\t\t\t\t<div class=\"ehp-cta__text-container\">\n\t\t\t<h2 class=\"ehp-cta__heading\">A title introducing your products<\/h2><p class=\"ehp-cta__description\">A short description of the\nproducts you offer on your site.<\/p>\t\t<\/div>\n\t\t\t\t\t<div class=\"ehp-cta__ctas-container has-cta-width-default\">\n\t\t\t\t<div class=\"ehp-cta__buttons-wrapper\">\n\t\t\t\t\t\t\t<a class=\"has-shape-round shape-type-button ehp-button ehp-button--primary ehp-cta__button ehp-cta__button--primary is-type-button has-border\" href=\"https:\/\/library.elementor.com\/ecommerce-wireframe-1-hp\/shop\/\">\n\t\t\t\t\t<span class=\"ehp-button__text ehp-cta__button-text ehp-cta__button-text--primary\">\n\t\t\tShop Now\t\t\t\t<\/a>\n\t\t\t\t\t\t\t\t\t\t\t<\/div>\n\t\t\t<\/div>\n\t\t\t\t\t<\/div>\n\t\t<\/div>\n\t\t\t\t\t\t<\/div>\n\t\t\t\t<\/div>\n\t\t\t\t<\/div>\n\t\t<div class=\"elementor-element elementor-element-3927e0ac e-con-full e-flex e-con e-child\" data-id=\"3927e0ac\" data-element_type=\"container\" data-e-type=\"container\">\n\t\t\t\t<div class=\"elementor-element elementor-element-2a4bd438 elementor-widget elementor-widget-shortcode\" data-id=\"2a4bd438\" data-element_type=\"widget\" data-e-type=\"widget\" data-widget_type=\"shortcode.default\">\n\t\t\t\t\t\t\t<div class=\"elementor-shortcode\"><div class=\"woocommerce columns-2 \"><ul class=\"products columns-2\">\n<li class=\"product type-product post-72 status-publish first instock product_cat-uncategorized has-post-thumbnail sale taxable shipping-taxable purchasable product-type-simple\">\n\t<a href=\"https:\/\/store.deltabox.cl\/?product=product-name\" class=\"woocommerce-LoopProduct-link woocommerce-loop-product__link\">\n\t<span class=\"onsale\">Sale!<\/span>\n\t<img fetchpriority=\"high\" decoding=\"async\" width=\"300\" height=\"300\" src=\"https:\/\/store.deltabox.cl\/wp-content\/uploads\/2025\/07\/Wierframe-Woocommerce_product-300x300.jpg\" class=\"attachment-woocommerce_thumbnail size-woocommerce_thumbnail\" alt=\"Product Title\" srcset=\"https:\/\/store.deltabox.cl\/wp-content\/uploads\/2025\/07\/Wierframe-Woocommerce_product-300x300.jpg 300w, https:\/\/store.deltabox.cl\/wp-content\/uploads\/2025\/07\/Wierframe-Woocommerce_product-100x100.jpg 100w, https:\/\/store.deltabox.cl\/wp-content\/uploads\/2025\/07\/Wierframe-Woocommerce_product-150x150.jpg 150w\" sizes=\"(max-width: 300px) 100vw, 300px\" \/><h2 class=\"woocommerce-loop-product__title\">Product Title<\/h2>\n\t<span class=\"price\"><del aria-hidden=\"true\"><span class=\"woocommerce-Price-amount amount\"><bdi><span class=\"woocommerce-Price-currencySymbol\">&#36;<\/span>100<\/bdi><\/span><\/del> <span class=\"screen-reader-text\">Original price was: &#036;100.<\/span><ins aria-hidden=\"true\"><span class=\"woocommerce-Price-amount amount\"><bdi><span class=\"woocommerce-Price-currencySymbol\">&#36;<\/span>90<\/bdi><\/span><\/ins><span class=\"screen-reader-text\">Current price is: &#036;90.<\/span><\/span>\n<\/a><a href=\"\/index.php?rest_route=%2Fwp%2Fv2%2Fpages%2F48&#038;add-to-cart=72\" aria-describedby=\"woocommerce_loop_add_to_cart_link_describedby_72\" data-quantity=\"1\" class=\"button product_type_simple add_to_cart_button ajax_add_to_cart\" data-product_id=\"72\" data-product_sku=\"211852\" aria-label=\"Add to cart: &ldquo;Product Title&rdquo;\" rel=\"nofollow\" data-success_message=\"&ldquo;Product Title&rdquo; has been added to your cart\" role=\"button\">Add to cart<\/a>\t<span id=\"woocommerce_loop_add_to_cart_link_describedby_72\" class=\"screen-reader-text\">\n\t\t\t<\/span>\n<\/li>\n<li class=\"product type-product post-73 status-publish last instock product_cat-uncategorized has-post-thumbnail sale taxable shipping-taxable purchasable product-type-simple\">\n\t<a href=\"https:\/\/store.deltabox.cl\/?product=product-name-2\" class=\"woocommerce-LoopProduct-link woocommerce-loop-product__link\">\n\t<span class=\"onsale\">Sale!<\/span>\n\t<img fetchpriority=\"high\" decoding=\"async\" width=\"300\" height=\"300\" src=\"https:\/\/store.deltabox.cl\/wp-content\/uploads\/2025\/07\/Wierframe-Woocommerce_product-300x300.jpg\" class=\"attachment-woocommerce_thumbnail size-woocommerce_thumbnail\" alt=\"Product Title\" srcset=\"https:\/\/store.deltabox.cl\/wp-content\/uploads\/2025\/07\/Wierframe-Woocommerce_product-300x300.jpg 300w, https:\/\/store.deltabox.cl\/wp-content\/uploads\/2025\/07\/Wierframe-Woocommerce_product-100x100.jpg 100w, https:\/\/store.deltabox.cl\/wp-content\/uploads\/2025\/07\/Wierframe-Woocommerce_product-150x150.jpg 150w\" sizes=\"(max-width: 300px) 100vw, 300px\" \/><h2 class=\"woocommerce-loop-product__title\">Product Title<\/h2>\n\t<span class=\"price\"><del aria-hidden=\"true\"><span class=\"woocommerce-Price-amount amount\"><bdi><span class=\"woocommerce-Price-currencySymbol\">&#36;<\/span>100<\/bdi><\/span><\/del> <span class=\"screen-reader-text\">Original price was: &#036;100.<\/span><ins aria-hidden=\"true\"><span class=\"woocommerce-Price-amount amount\"><bdi><span class=\"woocommerce-Price-currencySymbol\">&#36;<\/span>90<\/bdi><\/span><\/ins><span class=\"screen-reader-text\">Current price is: &#036;90.<\/span><\/span>\n<\/a><a href=\"\/index.php?rest_route=%2Fwp%2Fv2%2Fpages%2F48&#038;add-to-cart=73\" aria-describedby=\"woocommerce_loop_add_to_cart_link_describedby_73\" data-quantity=\"1\" class=\"button product_type_simple add_to_cart_button ajax_add_to_cart\" data-product_id=\"73\" data-product_sku=\"211852-1\" aria-label=\"Add to cart: &ldquo;Product Title&rdquo;\" rel=\"nofollow\" data-success_message=\"&ldquo;Product Title&rdquo; has been added to your cart\" role=\"button\">Add to cart<\/a>\t<span id=\"woocommerce_loop_add_to_cart_link_describedby_73\" class=\"screen-reader-text\">\n\t\t\t<\/span>\n<\/li>\n<\/ul>\n<\/div><\/div>\n\t\t\t\t\t\t<\/div>\n\t\t\t\t<\/div>\n\t\t\t\t<div class=\"elementor-element elementor-element-3a2dfd49 elementor-widget elementor-widget-shortcode\" data-id=\"3a2dfd49\" data-element_type=\"widget\" data-e-type=\"widget\" data-widget_type=\"shortcode.default\">\n\t\t\t\t\t\t\t<div class=\"elementor-shortcode\"><div class=\"woocommerce columns-3 \"><ul class=\"products columns-3\">\n<li class=\"product type-product post-72 status-publish first instock product_cat-uncategorized has-post-thumbnail sale taxable shipping-taxable purchasable product-type-simple\">\n\t<a href=\"https:\/\/store.deltabox.cl\/?product=product-name\" class=\"woocommerce-LoopProduct-link woocommerce-loop-product__link\">\n\t<span class=\"onsale\">Sale!<\/span>\n\t<img fetchpriority=\"high\" decoding=\"async\" width=\"300\" height=\"300\" src=\"https:\/\/store.deltabox.cl\/wp-content\/uploads\/2025\/07\/Wierframe-Woocommerce_product-300x300.jpg\" class=\"attachment-woocommerce_thumbnail size-woocommerce_thumbnail\" alt=\"Product Title\" srcset=\"https:\/\/store.deltabox.cl\/wp-content\/uploads\/2025\/07\/Wierframe-Woocommerce_product-300x300.jpg 300w, https:\/\/store.deltabox.cl\/wp-content\/uploads\/2025\/07\/Wierframe-Woocommerce_product-100x100.jpg 100w, https:\/\/store.deltabox.cl\/wp-content\/uploads\/2025\/07\/Wierframe-Woocommerce_product-150x150.jpg 150w\" sizes=\"(max-width: 300px) 100vw, 300px\" \/><h2 class=\"woocommerce-loop-product__title\">Product Title<\/h2>\n\t<span class=\"price\"><del aria-hidden=\"true\"><span class=\"woocommerce-Price-amount amount\"><bdi><span class=\"woocommerce-Price-currencySymbol\">&#36;<\/span>100<\/bdi><\/span><\/del> <span class=\"screen-reader-text\">Original price was: &#036;100.<\/span><ins aria-hidden=\"true\"><span class=\"woocommerce-Price-amount amount\"><bdi><span class=\"woocommerce-Price-currencySymbol\">&#36;<\/span>90<\/bdi><\/span><\/ins><span class=\"screen-reader-text\">Current price is: &#036;90.<\/span><\/span>\n<\/a><a href=\"\/index.php?rest_route=%2Fwp%2Fv2%2Fpages%2F48&#038;add-to-cart=72\" aria-describedby=\"woocommerce_loop_add_to_cart_link_describedby_72\" data-quantity=\"1\" class=\"button product_type_simple add_to_cart_button ajax_add_to_cart\" data-product_id=\"72\" data-product_sku=\"211852\" aria-label=\"Add to cart: &ldquo;Product Title&rdquo;\" rel=\"nofollow\" data-success_message=\"&ldquo;Product Title&rdquo; has been added to your cart\" role=\"button\">Add to cart<\/a>\t<span id=\"woocommerce_loop_add_to_cart_link_describedby_72\" class=\"screen-reader-text\">\n\t\t\t<\/span>\n<\/li>\n<li class=\"product type-product post-73 status-publish instock product_cat-uncategorized has-post-thumbnail sale taxable shipping-taxable purchasable product-type-simple\">\n\t<a href=\"https:\/\/store.deltabox.cl\/?product=product-name-2\" class=\"woocommerce-LoopProduct-link woocommerce-loop-product__link\">\n\t<span class=\"onsale\">Sale!<\/span>\n\t<img fetchpriority=\"high\" decoding=\"async\" width=\"300\" height=\"300\" src=\"https:\/\/store.deltabox.cl\/wp-content\/uploads\/2025\/07\/Wierframe-Woocommerce_product-300x300.jpg\" class=\"attachment-woocommerce_thumbnail size-woocommerce_thumbnail\" alt=\"Product Title\" srcset=\"https:\/\/store.deltabox.cl\/wp-content\/uploads\/2025\/07\/Wierframe-Woocommerce_product-300x300.jpg 300w, https:\/\/store.deltabox.cl\/wp-content\/uploads\/2025\/07\/Wierframe-Woocommerce_product-100x100.jpg 100w, https:\/\/store.deltabox.cl\/wp-content\/uploads\/2025\/07\/Wierframe-Woocommerce_product-150x150.jpg 150w\" sizes=\"(max-width: 300px) 100vw, 300px\" \/><h2 class=\"woocommerce-loop-product__title\">Product Title<\/h2>\n\t<span class=\"price\"><del aria-hidden=\"true\"><span class=\"woocommerce-Price-amount amount\"><bdi><span class=\"woocommerce-Price-currencySymbol\">&#36;<\/span>100<\/bdi><\/span><\/del> <span class=\"screen-reader-text\">Original price was: &#036;100.<\/span><ins aria-hidden=\"true\"><span class=\"woocommerce-Price-amount amount\"><bdi><span class=\"woocommerce-Price-currencySymbol\">&#36;<\/span>90<\/bdi><\/span><\/ins><span class=\"screen-reader-text\">Current price is: &#036;90.<\/span><\/span>\n<\/a><a href=\"\/index.php?rest_route=%2Fwp%2Fv2%2Fpages%2F48&#038;add-to-cart=73\" aria-describedby=\"woocommerce_loop_add_to_cart_link_describedby_73\" data-quantity=\"1\" class=\"button product_type_simple add_to_cart_button ajax_add_to_cart\" data-product_id=\"73\" data-product_sku=\"211852-1\" aria-label=\"Add to cart: &ldquo;Product Title&rdquo;\" rel=\"nofollow\" data-success_message=\"&ldquo;Product Title&rdquo; has been added to your cart\" role=\"button\">Add to cart<\/a>\t<span id=\"woocommerce_loop_add_to_cart_link_describedby_73\" class=\"screen-reader-text\">\n\t\t\t<\/span>\n<\/li>\n<li class=\"product type-product post-74 status-publish last instock product_cat-uncategorized has-post-thumbnail sale featured taxable shipping-taxable purchasable product-type-simple\">\n\t<a href=\"https:\/\/store.deltabox.cl\/?product=product-name-3\" class=\"woocommerce-LoopProduct-link woocommerce-loop-product__link\">\n\t<span class=\"onsale\">Sale!<\/span>\n\t<img fetchpriority=\"high\" decoding=\"async\" width=\"300\" height=\"300\" src=\"https:\/\/store.deltabox.cl\/wp-content\/uploads\/2025\/07\/Wierframe-Woocommerce_product-300x300.jpg\" class=\"attachment-woocommerce_thumbnail size-woocommerce_thumbnail\" alt=\"Product Title\" srcset=\"https:\/\/store.deltabox.cl\/wp-content\/uploads\/2025\/07\/Wierframe-Woocommerce_product-300x300.jpg 300w, https:\/\/store.deltabox.cl\/wp-content\/uploads\/2025\/07\/Wierframe-Woocommerce_product-100x100.jpg 100w, https:\/\/store.deltabox.cl\/wp-content\/uploads\/2025\/07\/Wierframe-Woocommerce_product-150x150.jpg 150w\" sizes=\"(max-width: 300px) 100vw, 300px\" \/><h2 class=\"woocommerce-loop-product__title\">Product Title<\/h2>\n\t<span class=\"price\"><del aria-hidden=\"true\"><span class=\"woocommerce-Price-amount amount\"><bdi><span class=\"woocommerce-Price-currencySymbol\">&#36;<\/span>100<\/bdi><\/span><\/del> <span class=\"screen-reader-text\">Original price was: &#036;100.<\/span><ins aria-hidden=\"true\"><span class=\"woocommerce-Price-amount amount\"><bdi><span class=\"woocommerce-Price-currencySymbol\">&#36;<\/span>90<\/bdi><\/span><\/ins><span class=\"screen-reader-text\">Current price is: &#036;90.<\/span><\/span>\n<\/a><a href=\"\/index.php?rest_route=%2Fwp%2Fv2%2Fpages%2F48&#038;add-to-cart=74\" aria-describedby=\"woocommerce_loop_add_to_cart_link_describedby_74\" data-quantity=\"1\" class=\"button product_type_simple add_to_cart_button ajax_add_to_cart\" data-product_id=\"74\" data-product_sku=\"211852-2\" aria-label=\"Add to cart: &ldquo;Product Title&rdquo;\" rel=\"nofollow\" data-success_message=\"&ldquo;Product Title&rdquo; has been added to your cart\" role=\"button\">Add to cart<\/a>\t<span id=\"woocommerce_loop_add_to_cart_link_describedby_74\" class=\"screen-reader-text\">\n\t\t\t<\/span>\n<\/li>\n<\/ul>\n<\/div><\/div>\n\t\t\t\t\t\t<\/div>\n\t\t\t\t\t<\/div>\n\t\t\t\t<\/div>\n\t\t<div class=\"elementor-element elementor-element-6d4c855b e-flex e-con-boxed e-con e-parent\" data-id=\"6d4c855b\" data-element_type=\"container\" data-e-type=\"container\">\n\t\t\t\t\t<div class=\"e-con-inner\">\n\t\t<div class=\"elementor-element elementor-element-660a4d5c e-con-full e-flex e-con e-child\" data-id=\"660a4d5c\" data-element_type=\"container\" data-e-type=\"container\">\n\t\t\t\t<div class=\"elementor-element elementor-element-7214ca19 elementor-widget elementor-widget-heading\" data-id=\"7214ca19\" data-element_type=\"widget\" data-e-type=\"widget\" data-widget_type=\"heading.default\">\n\t\t\t\t\t<h2 class=\"elementor-heading-title elementor-size-default\">Customer Reviews<\/h2>\t\t\t\t<\/div>\n\t\t\t\t<\/div>\n\t\t<div class=\"elementor-element elementor-element-48c0e59 e-con-full e-flex e-con e-child\" data-id=\"48c0e59\" data-element_type=\"container\" data-e-type=\"container\">\n\t\t<div class=\"elementor-element elementor-element-52571d95 e-con-full e-flex e-con e-child\" data-id=\"52571d95\" data-element_type=\"container\" data-e-type=\"container\">\n\t\t\t\t<div class=\"elementor-element elementor-element-6792e595 elementor--star-style-star_unicode elementor-star-rating--align-start elementor-widget elementor-widget-star-rating\" data-id=\"6792e595\" data-element_type=\"widget\" data-e-type=\"widget\" data-widget_type=\"star-rating.default\">\n\t\t\t\t\t\t\t<div class=\"elementor-star-rating__wrapper\">\n\t\t\t\t\t\t<div class=\"elementor-star-rating\" itemtype=\"http:\/\/schema.org\/Rating\" itemscope=\"\" itemprop=\"reviewRating\">\n\t\t\t\t<i class=\"elementor-star-full\" aria-hidden=\"true\">&#9733;<\/i><i class=\"elementor-star-full\" aria-hidden=\"true\">&#9733;<\/i><i class=\"elementor-star-full\" aria-hidden=\"true\">&#9733;<\/i><i class=\"elementor-star-full\" aria-hidden=\"true\">&#9733;<\/i><i class=\"elementor-star-full\" aria-hidden=\"true\">&#9733;<\/i>\t\t\t\t<span itemprop=\"ratingValue\" class=\"elementor-screen-only\">Rated 5 out of 5<\/span>\n\t\t\t<\/div>\n\t\t<\/div>\n\t\t\t\t\t\t<\/div>\n\t\t\t\t<div class=\"elementor-element elementor-element-66f9848f elementor-widget elementor-widget-blockquote\" data-id=\"66f9848f\" data-element_type=\"widget\" data-e-type=\"widget\" data-widget_type=\"blockquote.default\">\n\t\t\t\t<div class=\"elementor-widget-container\">\n\t\t\t\t\t \t\t\t\t<\/div>\n\t\t\t\t<\/div>\n\t\t\t\t<\/div>\n\t\t<div class=\"elementor-element elementor-element-6752b68d e-con-full e-flex e-con e-child\" data-id=\"6752b68d\" data-element_type=\"container\" data-e-type=\"container\">\n\t\t\t\t<div class=\"elementor-element elementor-element-7a8941e3 elementor--star-style-star_unicode elementor-star-rating--align-start elementor-widget elementor-widget-star-rating\" data-id=\"7a8941e3\" data-element_type=\"widget\" data-e-type=\"widget\" data-widget_type=\"star-rating.default\">\n\t\t\t\t\t\t\t<div class=\"elementor-star-rating__wrapper\">\n\t\t\t\t\t\t<div class=\"elementor-star-rating\" itemtype=\"http:\/\/schema.org\/Rating\" itemscope=\"\" itemprop=\"reviewRating\">\n\t\t\t\t<i class=\"elementor-star-full\" aria-hidden=\"true\">&#9733;<\/i><i class=\"elementor-star-full\" aria-hidden=\"true\">&#9733;<\/i><i class=\"elementor-star-full\" aria-hidden=\"true\">&#9733;<\/i><i class=\"elementor-star-full\" aria-hidden=\"true\">&#9733;<\/i><i class=\"elementor-star-full\" aria-hidden=\"true\">&#9733;<\/i>\t\t\t\t<span itemprop=\"ratingValue\" class=\"elementor-screen-only\">Rated 5 out of 5<\/span>\n\t\t\t<\/div>\n\t\t<\/div>\n\t\t\t\t\t\t<\/div>\n\t\t\t\t<div class=\"elementor-element elementor-element-7c72b4d2 elementor-widget elementor-widget-blockquote\" data-id=\"7c72b4d2\" data-element_type=\"widget\" data-e-type=\"widget\" data-widget_type=\"blockquote.default\">\n\t\t\t\t<div class=\"elementor-widget-container\">\n\t\t\t\t\t \t\t\t\t<\/div>\n\t\t\t\t<\/div>\n\t\t\t\t<\/div>\n\t\t\t\t<\/div>\n\t\t\t\t\t<\/div>\n\t\t\t\t<\/div>\n\t\t\t\t<\/div>\n\t\t","protected":false},"excerpt":{"rendered":"<p>Routers 5G que conectan tu hogar y oficina. En Deltabox importamos routers 5G y equipos de telecomunicaciones de marcas l\u00edderes como ZTE y Nokia. Conectividad de fibra-equivalente, sin instalaci\u00f3n, lista para tu hogar o trabajo. Shop Now Importaci\u00f3n seria, soporte real. Importaci\u00f3n directa Trato directo con fabricantes en Asia y EE.UU. Garant\u00eda y RMA Procesos [&hellip;]<\/p>\n","protected":false},"author":1,"featured_media":52,"parent":0,"menu_order":0,"comment_status":"closed","ping_status":"closed","template":"elementor_header_footer","meta":{"footnotes":""},"class_list":["post-48","page","type-page","status-publish","has-post-thumbnail","hentry"],"_links":{"self":[{"href":"https:\/\/store.deltabox.cl\/index.php?rest_route=\/wp\/v2\/pages\/48","targetHints":{"allow":["GET"]}}],"collection":[{"href":"https:\/\/store.deltabox.cl\/index.php?rest_route=\/wp\/v2\/pages"}],"about":[{"href":"https:\/\/store.deltabox.cl\/index.php?rest_route=\/wp\/v2\/types\/page"}],"author":[{"embeddable":true,"href":"https:\/\/store.deltabox.cl\/index.php?rest_route=\/wp\/v2\/users\/1"}],"replies":[{"embeddable":true,"href":"https:\/\/store.deltabox.cl\/index.php?rest_route=%2Fwp%2Fv2%2Fcomments&post=48"}],"version-history":[{"count":10,"href":"https:\/\/store.deltabox.cl\/index.php?rest_route=\/wp\/v2\/pages\/48\/revisions"}],"predecessor-version":[{"id":146,"href":"https:\/\/store.deltabox.cl\/index.php?rest_route=\/wp\/v2\/pages\/48\/revisions\/146"}],"wp:featuredmedia":[{"embeddable":true,"href":"https:\/\/store.deltabox.cl\/index.php?rest_route=\/wp\/v2\/media\/52"}],"wp:attachment":[{"href":"https:\/\/store.deltabox.cl\/index.php?rest_route=%2Fwp%2Fv2%2Fmedia&parent=48"}],"curies":[{"name":"wp","href":"https:\/\/api.w.org\/{rel}","templated":true}]}}